{"id":474,"date":"2018-03-09T16:12:35","date_gmt":"2018-03-09T14:12:35","guid":{"rendered":"http:\/\/siebenbuerger-vorchdorf.info.185-101-158-52.305.hostserv.eu\/?page_id=474"},"modified":"2021-01-02T10:27:47","modified_gmt":"2021-01-02T08:27:47","slug":"jugend","status":"publish","type":"page","link":"https:\/\/www.siebenbuerger-vorchdorf.at\/?page_id=474","title":{"rendered":"Jugend"},"content":{"rendered":"<div>\r\n\t<div class=\"contentBox jugend1\">\r\n\t\t<div class=\"td jugend1Geschichte\">\r\n\t\t\t<h1>Geschichte<\/h1>\r\n\t\t\t<hr class=\"titleLine\"\/>\r\n\t\t\t<h2>Leitbild<\/h2>\r\n\t\t\t<div class=\"justifyText mbottom40\">\r\nDas Jugendorchester des Musikvereins Siebenb\u00fcrger Vorchdorf besteht bereits seit 1998 und z\u00e4hlt dabei immer zwischen 16-26 aktive Mitglieder. Stets nach unserem Motto &#8220;Gemeinsam wollen wir KONTAKTE KN\u00dcPFEN und MUSIKerLEBEN&#8221; arbeiten wir sowohl im Verein als auch au\u00dferhalb des Vereinslebens mit den Kindern und Jugendlichen und wollen ihnen eine Gemeinschaft bieten, bei der jeder Anschluss findet.<br\/><br\/>\r\nAuch das JO hat auch schon zahlreiche Highlights seit dem Bestehen gesammelt, von einigen erfolgreichen Marschwertungen angefangen bis zu zahlreich besuchte Auftritte und Konzerte.<br\/>\r\nViele Auftritte und au\u00dferordentliche Aktivit\u00e4ten begleiten das JO das ganze Jahr \u00fcber, angefangen von der Faschingsprobe im Februar bis hin zum letzten Auftritt im Jahr am Vorchdorfer Christkindlmarkt und beim Adventkonzert in der evangelischen Kirche.\r\n\t\t\t<\/div>\r\n\t\t<\/div>\r\n\t\t<div class=\"td jugend1Programm\">\r\n\t\t\t<img src=\"wp-content\/img\/jugend\/Logo_JO_neu.png\" class=\"logoJO\"\/>\r\n\t\t\t<h1>Allj\u00e4hrliches Programm<\/h1>\r\n\t\t\t<hr class=\"titleLine\"\/>\r\n\t\t\t<h2>Auftritte und Besonderheiten<\/h2>\r\n\t\t\t<div class=\"justifyText\">\r\nDas erste Highlight in jedem Vereinsjahr ist auf jeden Fall die Faschingsprobe im Februar. Dabei erscheinen alle Mitglieder im Kost\u00fcm (und wer sich nicht traut, wird angemalt :D) und auch der Probenraum wird geschm\u00fcckt. Nat\u00fcrlich gibt es nach der Probe gute Faschingskrapfen und gemeinsame Spiele runden das Programm ab. An diesem Probenabend werden auch die flei\u00dfigsten Probenbesucher gek\u00fcrt.\r\n\t\t\t<\/div>\r\n\t\t<\/div>\r\n\t<\/div>\r\n\r\n\t<div class=\"full-width jugend2\">\r\n\t\t<img src=\"wp-content\/img\/jugend\/Faschingsprobe.jpg\" class=\"w100\"\/>\r\n\t<\/div>\r\n\r\n<\/div>\r\n\r\n<div class=\"table jugend3start\">\r\n\t<div class=\"td justifyText w50 jugendText\">    \r\nDann wird schon flei\u00dfig geprobt f\u00fcr das allj\u00e4hrliche Gemeinschaftskonzert mit den Blockfl\u00f6tensch\u00fclern von Julia Eichhorn, welches im Mai stattfindet.<br\/><br\/>\r\nIm Fr\u00fchsommer kommen dann auch ab und zu noch Marschproben hinzu, um auch schon die Jungen auf dieses einzigartige Erlebnis im gro\u00dfen Orchester vorzubereiten. Viermal nahm das Jugendorchester selbst schon an Marschwertungen teil, wobei sie immer einen Ausgezeichneten Erfolg erzielten.               \r\n\t<\/div>\r\n\t<div class=\"td w50\">\r\n\t\t<img src=\"wp-content\/img\/jugend\/Konzert.jpg\" class=\"w50 leftFloat\"\/>\r\n\t\t<img src=\"wp-content\/img\/jugend\/Marschwertung.jpg\" class=\"w50\"\/>\r\n\t<\/div>\r\n<\/div>\r\n<div class=\"table mbottom0\">  \r\n\t<div class=\"td w50\">\r\n\t\t<img src=\"wp-content\/img\/jugend\/Zelten.jpg\" class=\"w100\">\r\n\t<\/div>\r\n\t<div class=\"td justifyText w50 jugendText\">\r\nAuch am traditionellen &#8220;Blasmusik Sommer&#8221;, wo jede Woche von Musikvereinen aus Vorchdorf ein D\u00e4mmerschoppen gespielt wird, nimmt das JO jedes Jahr einmal teil.<br\/><br\/>\r\nAnsonsten hat nat\u00fcrlich auch das JO im Sommer bis in den Herbst hinein Sommerpause.<br\/><br\/>\r\nEin ganz spezieller Programmpunkt jeden Sommer ist unser &#8220;Zelten hinterm Musiheim&#8221;. Dabei werden alle Mitglieder des JO sowie Kinder und Jugendlichen, die bei uns gerade ein Musikinstrument erlernen, eingeladen. Je nach Wetterlage wird dann eine spannende Schnitzeljagd veranstaltet, Knacker gegrillt, Fu\u00dfball gespielt und nat\u00fcrlich gezeltet. Am n\u00e4chsten Morgen gibt es dann noch ein gem\u00fctliches Fr\u00fchst\u00fcck mit den Eltern im Musikheim.              \r\n\t<\/div>\r\n<\/div>\r\n<div class=\"table mbottom0\">  \r\n\t<div class=\"td justifyText w50 jugendText\">\r\nIm Herbst starten dann wieder die w\u00f6chentlichen Proben, die \u00fcbrigens am Freitag ab 18:30 stattfinden. Im Winter sind die letzten Programmpunkte der Christkindlmarkt, wo wir am Marktplatz ein kurzes Adventkonzert geben, und das Adventkonzert in der evangelischen Kirche und im Altersheim Vorchdorf.<br\/><br\/>\r\nDas JO hat allj\u00e4hrlich ein spannendes Jahr, wo f\u00fcr jeden f\u00fcr Spa\u00df gesorgt ist.\r\n\t<\/div>\r\n\t<div class=\"td w50\">\r\n\t\t<img src=\"wp-content\/img\/jugend\/Christkindlmarkt.jpg\" class=\"w100\"\/>\r\n\t<\/div>\r\n<\/div>\r\n\r\n<div class=\"jugend4\">\r\n\t<div class=\"white jugend4Text\">\r\n\t\t<h1>Team Jugend<\/h1>\r\n\t\t<hr class=\"titleLine\"\/>\r\n\t\t<h2>Wer?<\/h2>\r\n\t\t<div class=\"justifyText\">\r\nDas Team Jugend besteht aus 8 aktiven Mitgliedern des Musikvereins. In unserer Arbeit ist uns vor allem wichtig den Kindern und Jugendlichen ein Umfeld zu bieten, wo jeder Anschluss findet, nicht nur die Mitglieder des Jugendorchester, auch schon die Kleinen, die gerade erst begonnen haben, ein Instrument zu lernen. Der Kontakt und die Gemeinsamkeit auch au\u00dferhalb der Musikproben ist uns ebenfalls ein gro\u00dfes Anliegen. Aus diesem Grund organisieren wir f\u00fcr unsere Jungmusiker gemeinsame Aktivit\u00e4ten wie z.B. Kinobesuche, Schlittenfahren, Konzertbesuche, Zelten oder Grillen bei der Alm. Auch eine j\u00e4hrliche Ferienspielaktion wird vom Team-Jugend organisiert, wo meist Instrumente gebastelt werden.<br\/>\r\nGanz nach unserem Motto &#8220;Gemeinsam wollen wir KONTAKTE KN\u00dcPFEN und MUSIKerLEBEN.&#8221;\r\n\t\t<\/div>\r\n\t<\/div>\r\n\t<div class=\"td w45\">\r\n\t\t<img src=\"wp-content\/img\/jugend\/Team.jpg\" class=\"w100\"\/>\r\n\t<\/div>\r\n<\/div>\r\n\r\n<div class=\"table jugend5\">\r\n\t<div class=\"td justifyText w33 jugendText\">\r\nIn einem Musikverein Mitglied zu sein, bedeutet nicht nur Spa\u00df und Freude am gemeinsamen Musizieren, sondern auch Teamgeist und Teamarbeit, sowie Gemeinschaft. Musik im Verein bietet Platz f\u00fcr vielerlei Erlebnisse. Es werden nicht nur Fertigkeiten auf einem Musikinstrument, sondern auch wertvolle Erfahrungen und Eigenschaften f\u00fcr die Pers\u00f6nlichkeitsentwicklung gef\u00f6rdert.\r\n\t<\/div>\r\n\t<div class=\"td w33\"\/>\r\n<img src=\"wp-content\/img\/jugend\/Musik-ist.jpg\" class=\"w100\"\/>\r\n\t<\/div>\r\n\t<div class=\"td w33 jugendText\">\r\n<h1>Musik ist&#8230;<\/h1>\r\n<hr class=\"titleLine\"\/>\r\n<h2>&#8230; immer ein Erlebnis<br\/><br\/>\r\n&#8230; Spa\u00df und Freu(n)de<br\/><br\/>\r\n&#8230; Teamgeist und Teamarbeit<br\/><br\/>\r\n&#8230; eine wertvolle Erfahrung<br\/><br\/>\r\n&#8230; Pers\u00f6nlichkeitsentwicklung\r\n<\/h2>\r\n\t<\/div>\r\n<\/div>\r\n\r\n<div class=\"jugend6\">\r\n\t<div class=\"white justifyText w50 pad40\">\r\nWenn du interessiert am Erlernen eines Musikinstruments bist, laden wir dich gerne zu einem pers\u00f6nlichen Gespr\u00e4ch ein. Du kannst Instrumente ausprobieren und die weiteren Schritte, wie die Anmeldung in der Landesmusikschule oder die Organisation eines Privatlehrers, werden besprochen. Gerne organisieren wir f\u00fcr dich auch ein funktionst\u00fcchtiges Lehrinstrument.<br\/><br\/>\r\nMehr Infos dazu findest du in unserem Folder.<br\/>\r\n\t\t<a href=\"wp-content\/download\/Folder-JO-MV7B.pdf\" target=\"_new\" class=\"noHover jugendDLButton\"><span class=\"jugendDLButtonLeft\">Download now<\/span><span class=\"jugendDLButtonRight\"><img src=\"wp-content\/img\/Arrow-Download-Button.png\" class=\"jugendDLButtonImg\"\/><\/span><\/a>\r\n\t<\/div>\r\n\t<div class=\"td w50\">\r\n\t\t<img src=\"wp-content\/img\/jugend\/Instrumentenpraesentation.jpg\" class=\"w100\"\/>\r\n\t<\/div>\r\n<\/div>  ","protected":false},"excerpt":{"rendered":"Geschichte Leitbild Das Jugendorchester des Musikvereins Siebenb\u00fcrger Vorchdorf besteht bereits seit 1998 und z\u00e4hlt dabei immer zwischen 16-26 aktive Mitglieder. Stets nach unserem Motto &#8220;Gemeinsam wollen wir KONTAKTE KN\u00dcPFEN und MUSIKerLEBEN&#8221; arbeiten wir sowohl im Verein als auch au\u00dferhalb des&#8230;","protected":false},"author":1,"featured_media":0,"parent":0,"menu_order":0,"comment_status":"closed","ping_status":"closed","template":"","meta":[],"_links":{"self":[{"href":"https:\/\/www.siebenbuerger-vorchdorf.at\/index.php?rest_route=\/wp\/v2\/pages\/474"}],"collection":[{"href":"https:\/\/www.siebenbuerger-vorchdorf.at\/index.php?rest_route=\/wp\/v2\/pages"}],"about":[{"href":"https:\/\/www.siebenbuerger-vorchdorf.at\/index.php?rest_route=\/wp\/v2\/types\/page"}],"author":[{"embeddable":true,"href":"https:\/\/www.siebenbuerger-vorchdorf.at\/index.php?rest_route=\/wp\/v2\/users\/1"}],"replies":[{"embeddable":true,"href":"https:\/\/www.siebenbuerger-vorchdorf.at\/index.php?rest_route=%2Fwp%2Fv2%2Fcomments&post=474"}],"version-history":[{"count":43,"href":"https:\/\/www.siebenbuerger-vorchdorf.at\/index.php?rest_route=\/wp\/v2\/pages\/474\/revisions"}],"predecessor-version":[{"id":677,"href":"https:\/\/www.siebenbuerger-vorchdorf.at\/index.php?rest_route=\/wp\/v2\/pages\/474\/revisions\/677"}],"wp:attachment":[{"href":"https:\/\/www.siebenbuerger-vorchdorf.at\/index.php?rest_route=%2Fwp%2Fv2%2Fmedia&parent=474"}],"curies":[{"name":"wp","href":"https:\/\/api.w.org\/{rel}","templated":true}]}}